{"id":769,"date":"2023-10-01T12:47:04","date_gmt":"2023-10-01T12:47:04","guid":{"rendered":"https:\/\/islmgmalika.sn\/wp\/?page_id=769"},"modified":"2023-10-01T16:22:33","modified_gmt":"2023-10-01T16:22:33","slug":"primaire","status":"publish","type":"page","link":"https:\/\/islmgmalika.sn\/wp\/primaire\/","title":{"rendered":"Primaire"},"content":{"rendered":"\t\t<div data-elementor-type=\"wp-page\" data-elementor-id=\"769\" class=\"elementor elementor-769\">\n\t\t\t\t\t\t<section class=\"elementor-section elementor-top-section elementor-element elementor-element-445s3vp elementor-section-boxed elementor-section-height-default elementor-section-height-default\" data-id=\"445s3vp\" data-element_type=\"section\" data-e-type=\"section\" data-settings=\"{&quot;background_background&quot;:&quot;classic&quot;}\">\n\t\t\t\t\t\t\t<div class=\"elementor-background-overlay\"><\/div>\n\t\t\t\t\t\t\t<div class=\"elementor-container elementor-column-gap-default\">\n\t\t\t\t\t<div class=\"elementor-column elementor-col-100 elementor-top-column elementor-element elementor-element-dd305b2\" data-id=\"dd305b2\" data-element_type=\"column\" data-e-type=\"column\">\n\t\t\t<div class=\"elementor-widget-wrap elementor-element-populated\">\n\t\t\t\t\t\t<div class=\"elementor-element elementor-element-573fe53 elementor-widget elementor-widget-heading\" data-id=\"573fe53\" data-element_type=\"widget\" data-e-type=\"widget\" data-widget_type=\"heading.default\">\n\t\t\t\t<div class=\"elementor-widget-container\">\n\t\t\t\t\t<h2 class=\"elementor-heading-title elementor-size-default\">Primaire<\/h2>\t\t\t\t<\/div>\n\t\t\t\t<\/div>\n\t\t\t\t<div class=\"elementor-element elementor-element-3171737 elementor-invisible elementor-widget elementor-widget-text-editor\" data-id=\"3171737\" data-element_type=\"widget\" data-e-type=\"widget\" data-settings=\"{&quot;_animation&quot;:&quot;fadeIn&quot;}\" data-widget_type=\"text-editor.default\">\n\t\t\t\t<div class=\"elementor-widget-container\">\n\t\t\t\t\t\t\t\t\t<p>Notre \u00e9tablissement re\u00e7oit des distinctions au niveau des concours pour les \u00e9l\u00e8ves en primaire. Avec 99% de r\u00e9ussite.<\/p>\t\t\t\t\t\t\t\t<\/div>\n\t\t\t\t<\/div>\n\t\t\t\t<div class=\"elementor-element elementor-element-f741248 elementor-align-center elementor-widget elementor-widget-button\" data-id=\"f741248\" data-element_type=\"widget\" data-e-type=\"widget\" data-widget_type=\"button.default\">\n\t\t\t\t<div class=\"elementor-widget-container\">\n\t\t\t\t\t\t\t\t\t<div class=\"elementor-button-wrapper\">\n\t\t\t\t\t<a class=\"elementor-button elementor-button-link elementor-size-sm\" href=\"https:\/\/drive.google.com\/file\/d\/1sZ0kFlBbGgNgotrZckyU1QtXWsI58FGU\/view?usp=drivesdk\">\n\t\t\t\t\t\t<span class=\"elementor-button-content-wrapper\">\n\t\t\t\t\t\t\t\t\t<span class=\"elementor-button-text\">Fiche d'inscription CI<\/span>\n\t\t\t\t\t<\/span>\n\t\t\t\t\t<\/a>\n\t\t\t\t<\/div>\n\t\t\t\t\t\t\t\t<\/div>\n\t\t\t\t<\/div>\n\t\t\t\t<section class=\"elementor-section elementor-inner-section elementor-element elementor-element-f26e6f2 elementor-section-boxed elementor-section-height-default elementor-section-height-default\" data-id=\"f26e6f2\" data-element_type=\"section\" data-e-type=\"section\">\n\t\t\t\t\t\t<div class=\"elementor-container elementor-column-gap-default\">\n\t\t\t\t\t<div class=\"elementor-column elementor-col-33 elementor-inner-column elementor-element elementor-element-6934495\" data-id=\"6934495\" data-element_type=\"column\" data-e-type=\"column\">\n\t\t\t<div class=\"elementor-widget-wrap elementor-element-populated\">\n\t\t\t\t\t\t<div class=\"elementor-element elementor-element-fb052ec elementor-widget elementor-widget-image-box\" data-id=\"fb052ec\" data-element_type=\"widget\" data-e-type=\"widget\" data-widget_type=\"image-box.default\">\n\t\t\t\t<div class=\"elementor-widget-container\">\n\t\t\t\t\t<div class=\"elementor-image-box-wrapper\"><div class=\"elementor-image-box-content\"><h2 class=\"elementor-image-box-title\">24<\/h2><p class=\"elementor-image-box-description\">Classes<\/p><\/div><\/div>\t\t\t\t<\/div>\n\t\t\t\t<\/div>\n\t\t\t\t\t<\/div>\n\t\t<\/div>\n\t\t\t\t<div class=\"elementor-column elementor-col-33 elementor-inner-column elementor-element elementor-element-a9b4967\" data-id=\"a9b4967\" data-element_type=\"column\" data-e-type=\"column\">\n\t\t\t<div class=\"elementor-widget-wrap elementor-element-populated\">\n\t\t\t\t\t\t<div class=\"elementor-element elementor-element-927c8f8 elementor-widget elementor-widget-image-box\" data-id=\"927c8f8\" data-element_type=\"widget\" data-e-type=\"widget\" data-widget_type=\"image-box.default\">\n\t\t\t\t<div class=\"elementor-widget-container\">\n\t\t\t\t\t<div class=\"elementor-image-box-wrapper\"><div class=\"elementor-image-box-content\"><h2 class=\"elementor-image-box-title\">940<\/h2><p class=\"elementor-image-box-description\">El\u00e9ves<\/p><\/div><\/div>\t\t\t\t<\/div>\n\t\t\t\t<\/div>\n\t\t\t\t\t<\/div>\n\t\t<\/div>\n\t\t\t\t<div class=\"elementor-column elementor-col-33 elementor-inner-column elementor-element elementor-element-59c6fec\" data-id=\"59c6fec\" data-element_type=\"column\" data-e-type=\"column\">\n\t\t\t<div class=\"elementor-widget-wrap elementor-element-populated\">\n\t\t\t\t\t\t<div class=\"elementor-element elementor-element-e44e0c5 elementor-widget elementor-widget-image-box\" data-id=\"e44e0c5\" data-element_type=\"widget\" data-e-type=\"widget\" data-widget_type=\"image-box.default\">\n\t\t\t\t<div class=\"elementor-widget-container\">\n\t\t\t\t\t<div class=\"elementor-image-box-wrapper\"><div class=\"elementor-image-box-content\"><h2 class=\"elementor-image-box-title\">30+<\/h2><p class=\"elementor-image-box-description\">Personnels<\/p><\/div><\/div>\t\t\t\t<\/div>\n\t\t\t\t<\/div>\n\t\t\t\t\t<\/div>\n\t\t<\/div>\n\t\t\t\t\t<\/div>\n\t\t<\/section>\n\t\t\t\t\t<\/div>\n\t\t<\/div>\n\t\t\t\t\t<\/div>\n\t\t<\/section>\n\t\t<div class=\"elementor-element elementor-element-444dcd5 e-flex e-con-boxed e-con e-parent\" data-id=\"444dcd5\" data-element_type=\"container\" data-e-type=\"container\">\n\t\t\t\t\t<div class=\"e-con-inner\">\n\t\t\t\t<div class=\"elementor-element elementor-element-7d2e6ba gallery-spacing-custom elementor-widget elementor-widget-image-gallery\" data-id=\"7d2e6ba\" data-element_type=\"widget\" data-e-type=\"widget\" data-widget_type=\"image-gallery.default\">\n\t\t\t\t<div class=\"elementor-widget-container\">\n\t\t\t\t\t\t\t<div class=\"elementor-image-gallery\">\n\t\t\t<div id='gallery-1' class='gallery galleryid-769 gallery-columns-2 gallery-size-full'><figure class='gallery-item'>\n\t\t\t<div class='gallery-icon landscape'>\n\t\t\t\t<a data-elementor-open-lightbox=\"yes\" data-elementor-lightbox-slideshow=\"7d2e6ba\" data-elementor-lightbox-title=\"primaire 1\" data-e-action-hash=\"#elementor-action%3Aaction%3Dlightbox%26settings%3DeyJpZCI6ODU0LCJ1cmwiOiJodHRwczpcL1wvaXNsbWdtYWxpa2Euc25cL3dwXC93cC1jb250ZW50XC91cGxvYWRzXC8yMDIzXC8xMFwvcHJpbWFpcmUtMS1zY2FsZWQuanBnIiwic2xpZGVzaG93IjoiN2QyZTZiYSJ9\" href='https:\/\/islmgmalika.sn\/wp\/wp-content\/uploads\/2023\/10\/primaire-1-scaled.jpg'><img fetchpriority=\"high\" decoding=\"async\" width=\"2560\" height=\"1702\" src=\"https:\/\/islmgmalika.sn\/wp\/wp-content\/uploads\/2023\/10\/primaire-1-scaled.jpg\" class=\"attachment-full size-full\" alt=\"\" srcset=\"https:\/\/islmgmalika.sn\/wp\/wp-content\/uploads\/2023\/10\/primaire-1-scaled.jpg 2560w, https:\/\/islmgmalika.sn\/wp\/wp-content\/uploads\/2023\/10\/primaire-1-300x199.jpg 300w, https:\/\/islmgmalika.sn\/wp\/wp-content\/uploads\/2023\/10\/primaire-1-1024x681.jpg 1024w, https:\/\/islmgmalika.sn\/wp\/wp-content\/uploads\/2023\/10\/primaire-1-768x511.jpg 768w, https:\/\/islmgmalika.sn\/wp\/wp-content\/uploads\/2023\/10\/primaire-1-1536x1021.jpg 1536w, https:\/\/islmgmalika.sn\/wp\/wp-content\/uploads\/2023\/10\/primaire-1-2048x1362.jpg 2048w\" sizes=\"(max-width: 2560px) 100vw, 2560px\" \/><\/a>\n\t\t\t<\/div><\/figure><figure class='gallery-item'>\n\t\t\t<div class='gallery-icon landscape'>\n\t\t\t\t<a data-elementor-open-lightbox=\"yes\" data-elementor-lightbox-slideshow=\"7d2e6ba\" data-elementor-lightbox-title=\"primaire 11\" data-e-action-hash=\"#elementor-action%3Aaction%3Dlightbox%26settings%3DeyJpZCI6ODU1LCJ1cmwiOiJodHRwczpcL1wvaXNsbWdtYWxpa2Euc25cL3dwXC93cC1jb250ZW50XC91cGxvYWRzXC8yMDIzXC8xMFwvcHJpbWFpcmUtMTEtc2NhbGVkLmpwZyIsInNsaWRlc2hvdyI6IjdkMmU2YmEifQ%3D%3D\" href='https:\/\/islmgmalika.sn\/wp\/wp-content\/uploads\/2023\/10\/primaire-11-scaled.jpg'><img decoding=\"async\" width=\"2560\" height=\"1702\" src=\"https:\/\/islmgmalika.sn\/wp\/wp-content\/uploads\/2023\/10\/primaire-11-scaled.jpg\" class=\"attachment-full size-full\" alt=\"\" srcset=\"https:\/\/islmgmalika.sn\/wp\/wp-content\/uploads\/2023\/10\/primaire-11-scaled.jpg 2560w, https:\/\/islmgmalika.sn\/wp\/wp-content\/uploads\/2023\/10\/primaire-11-300x199.jpg 300w, https:\/\/islmgmalika.sn\/wp\/wp-content\/uploads\/2023\/10\/primaire-11-1024x681.jpg 1024w, https:\/\/islmgmalika.sn\/wp\/wp-content\/uploads\/2023\/10\/primaire-11-768x511.jpg 768w, https:\/\/islmgmalika.sn\/wp\/wp-content\/uploads\/2023\/10\/primaire-11-1536x1021.jpg 1536w, https:\/\/islmgmalika.sn\/wp\/wp-content\/uploads\/2023\/10\/primaire-11-2048x1362.jpg 2048w\" sizes=\"(max-width: 2560px) 100vw, 2560px\" \/><\/a>\n\t\t\t<\/div><\/figure><figure class='gallery-item'>\n\t\t\t<div class='gallery-icon landscape'>\n\t\t\t\t<a data-elementor-open-lightbox=\"yes\" data-elementor-lightbox-slideshow=\"7d2e6ba\" data-elementor-lightbox-title=\"primaire 14\" data-e-action-hash=\"#elementor-action%3Aaction%3Dlightbox%26settings%3DeyJpZCI6ODU2LCJ1cmwiOiJodHRwczpcL1wvaXNsbWdtYWxpa2Euc25cL3dwXC93cC1jb250ZW50XC91cGxvYWRzXC8yMDIzXC8xMFwvcHJpbWFpcmUtMTQtMS1zY2FsZWQuanBnIiwic2xpZGVzaG93IjoiN2QyZTZiYSJ9\" href='https:\/\/islmgmalika.sn\/wp\/wp-content\/uploads\/2023\/10\/primaire-14-1-scaled.jpg'><img decoding=\"async\" width=\"2560\" height=\"1702\" src=\"https:\/\/islmgmalika.sn\/wp\/wp-content\/uploads\/2023\/10\/primaire-14-1-scaled.jpg\" class=\"attachment-full size-full\" alt=\"\" srcset=\"https:\/\/islmgmalika.sn\/wp\/wp-content\/uploads\/2023\/10\/primaire-14-1-scaled.jpg 2560w, https:\/\/islmgmalika.sn\/wp\/wp-content\/uploads\/2023\/10\/primaire-14-1-300x199.jpg 300w, https:\/\/islmgmalika.sn\/wp\/wp-content\/uploads\/2023\/10\/primaire-14-1-1024x681.jpg 1024w, https:\/\/islmgmalika.sn\/wp\/wp-content\/uploads\/2023\/10\/primaire-14-1-768x511.jpg 768w, https:\/\/islmgmalika.sn\/wp\/wp-content\/uploads\/2023\/10\/primaire-14-1-1536x1021.jpg 1536w, https:\/\/islmgmalika.sn\/wp\/wp-content\/uploads\/2023\/10\/primaire-14-1-2048x1362.jpg 2048w\" sizes=\"(max-width: 2560px) 100vw, 2560px\" \/><\/a>\n\t\t\t<\/div><\/figure><figure class='gallery-item'>\n\t\t\t<div class='gallery-icon landscape'>\n\t\t\t\t<a data-elementor-open-lightbox=\"yes\" data-elementor-lightbox-slideshow=\"7d2e6ba\" data-elementor-lightbox-title=\"primaire 15\" data-e-action-hash=\"#elementor-action%3Aaction%3Dlightbox%26settings%3DeyJpZCI6ODU3LCJ1cmwiOiJodHRwczpcL1wvaXNsbWdtYWxpa2Euc25cL3dwXC93cC1jb250ZW50XC91cGxvYWRzXC8yMDIzXC8xMFwvcHJpbWFpcmUtMTUtc2NhbGVkLmpwZyIsInNsaWRlc2hvdyI6IjdkMmU2YmEifQ%3D%3D\" href='https:\/\/islmgmalika.sn\/wp\/wp-content\/uploads\/2023\/10\/primaire-15-scaled.jpg'><img loading=\"lazy\" decoding=\"async\" width=\"2560\" height=\"1702\" src=\"https:\/\/islmgmalika.sn\/wp\/wp-content\/uploads\/2023\/10\/primaire-15-scaled.jpg\" class=\"attachment-full size-full\" alt=\"\" srcset=\"https:\/\/islmgmalika.sn\/wp\/wp-content\/uploads\/2023\/10\/primaire-15-scaled.jpg 2560w, https:\/\/islmgmalika.sn\/wp\/wp-content\/uploads\/2023\/10\/primaire-15-300x199.jpg 300w, https:\/\/islmgmalika.sn\/wp\/wp-content\/uploads\/2023\/10\/primaire-15-1024x681.jpg 1024w, https:\/\/islmgmalika.sn\/wp\/wp-content\/uploads\/2023\/10\/primaire-15-768x511.jpg 768w, https:\/\/islmgmalika.sn\/wp\/wp-content\/uploads\/2023\/10\/primaire-15-1536x1021.jpg 1536w, https:\/\/islmgmalika.sn\/wp\/wp-content\/uploads\/2023\/10\/primaire-15-2048x1362.jpg 2048w\" sizes=\"(max-width: 2560px) 100vw, 2560px\" \/><\/a>\n\t\t\t<\/div><\/figure><figure class='gallery-item'>\n\t\t\t<div class='gallery-icon landscape'>\n\t\t\t\t<a data-elementor-open-lightbox=\"yes\" data-elementor-lightbox-slideshow=\"7d2e6ba\" data-elementor-lightbox-title=\"primaire 17\" data-e-action-hash=\"#elementor-action%3Aaction%3Dlightbox%26settings%3DeyJpZCI6ODU4LCJ1cmwiOiJodHRwczpcL1wvaXNsbWdtYWxpa2Euc25cL3dwXC93cC1jb250ZW50XC91cGxvYWRzXC8yMDIzXC8xMFwvcHJpbWFpcmUtMTctc2NhbGVkLmpwZyIsInNsaWRlc2hvdyI6IjdkMmU2YmEifQ%3D%3D\" href='https:\/\/islmgmalika.sn\/wp\/wp-content\/uploads\/2023\/10\/primaire-17-scaled.jpg'><img loading=\"lazy\" decoding=\"async\" width=\"2560\" height=\"1702\" src=\"https:\/\/islmgmalika.sn\/wp\/wp-content\/uploads\/2023\/10\/primaire-17-scaled.jpg\" class=\"attachment-full size-full\" alt=\"\" srcset=\"https:\/\/islmgmalika.sn\/wp\/wp-content\/uploads\/2023\/10\/primaire-17-scaled.jpg 2560w, https:\/\/islmgmalika.sn\/wp\/wp-content\/uploads\/2023\/10\/primaire-17-300x199.jpg 300w, https:\/\/islmgmalika.sn\/wp\/wp-content\/uploads\/2023\/10\/primaire-17-1024x681.jpg 1024w, https:\/\/islmgmalika.sn\/wp\/wp-content\/uploads\/2023\/10\/primaire-17-768x511.jpg 768w, https:\/\/islmgmalika.sn\/wp\/wp-content\/uploads\/2023\/10\/primaire-17-1536x1021.jpg 1536w, https:\/\/islmgmalika.sn\/wp\/wp-content\/uploads\/2023\/10\/primaire-17-2048x1362.jpg 2048w\" sizes=\"(max-width: 2560px) 100vw, 2560px\" \/><\/a>\n\t\t\t<\/div><\/figure>\n\t\t<\/div>\n\t\t<\/div>\n\t\t\t\t\t\t<\/div>\n\t\t\t\t<\/div>\n\t\t\t\t\t<\/div>\n\t\t\t\t<\/div>\n\t\t\t\t<\/div>\n\t\t","protected":false},"excerpt":{"rendered":"<p>Primaire Notre \u00e9tablissement re\u00e7oit des distinctions au niveau des concours pour les \u00e9l\u00e8ves en primaire. Avec 99% de r\u00e9ussite. Fiche d&#8217;inscription CI 24 Classes 940 El\u00e9ves 30+ Personnels<\/p>\n","protected":false},"author":1,"featured_media":0,"parent":0,"menu_order":0,"comment_status":"closed","ping_status":"closed","template":"","meta":{"site-sidebar-layout":"no-sidebar","site-content-layout":"page-builder","ast-site-content-layout":"full-width-container","site-content-style":"default","site-sidebar-style":"default","ast-global-header-display":"","ast-banner-title-visibility":"","ast-main-header-display":"","ast-hfb-above-header-display":"","ast-hfb-below-header-display":"","ast-hfb-mobile-header-display":"","site-post-title":"disabled","ast-breadcrumbs-content":"","ast-featured-img":"disabled","footer-sml-layout":"","ast-disable-related-posts":"","theme-transparent-header-meta":"","adv-header-id-meta":"","stick-header-meta":"","header-above-stick-meta":"","header-main-stick-meta":"","header-below-stick-meta":"","astra-migrate-meta-layouts":"default","ast-page-background-enabled":"default","ast-page-background-meta":{"desktop":{"background-color":"","background-image":"","background-repeat":"repeat","background-position":"center center","background-size":"auto","background-attachment":"scroll","background-type":"","background-media":"","overlay-type":"","overlay-color":"","overlay-opacity":"","overlay-gradient":""},"tablet":{"background-color":"","background-image":"","background-repeat":"repeat","background-position":"center center","background-size":"auto","background-attachment":"scroll","background-type":"","background-media":"","overlay-type":"","overlay-color":"","overlay-opacity":"","overlay-gradient":""},"mobile":{"background-color":"","background-image":"","background-repeat":"repeat","background-position":"center center","background-size":"auto","background-attachment":"scroll","background-type":"","background-media":"","overlay-type":"","overlay-color":"","overlay-opacity":"","overlay-gradient":""}},"ast-content-background-meta":{"desktop":{"background-color":"var(--ast-global-color-5)","background-image":"","background-repeat":"repeat","background-position":"center center","background-size":"auto","background-attachment":"scroll","background-type":"","background-media":"","overlay-type":"","overlay-color":"","overlay-opacity":"","overlay-gradient":""},"tablet":{"background-color":"var(--ast-global-color-5)","background-image":"","background-repeat":"repeat","background-position":"center center","background-size":"auto","background-attachment":"scroll","background-type":"","background-media":"","overlay-type":"","overlay-color":"","overlay-opacity":"","overlay-gradient":""},"mobile":{"background-color":"var(--ast-global-color-5)","background-image":"","background-repeat":"repeat","background-position":"center center","background-size":"auto","background-attachment":"scroll","background-type":"","background-media":"","overlay-type":"","overlay-color":"","overlay-opacity":"","overlay-gradient":""}},"footnotes":""},"class_list":["post-769","page","type-page","status-publish","hentry"],"_links":{"self":[{"href":"https:\/\/islmgmalika.sn\/wp\/wp-json\/wp\/v2\/pages\/769","targetHints":{"allow":["GET"]}}],"collection":[{"href":"https:\/\/islmgmalika.sn\/wp\/wp-json\/wp\/v2\/pages"}],"about":[{"href":"https:\/\/islmgmalika.sn\/wp\/wp-json\/wp\/v2\/types\/page"}],"author":[{"embeddable":true,"href":"https:\/\/islmgmalika.sn\/wp\/wp-json\/wp\/v2\/users\/1"}],"replies":[{"embeddable":true,"href":"https:\/\/islmgmalika.sn\/wp\/wp-json\/wp\/v2\/comments?post=769"}],"version-history":[{"count":16,"href":"https:\/\/islmgmalika.sn\/wp\/wp-json\/wp\/v2\/pages\/769\/revisions"}],"predecessor-version":[{"id":942,"href":"https:\/\/islmgmalika.sn\/wp\/wp-json\/wp\/v2\/pages\/769\/revisions\/942"}],"wp:attachment":[{"href":"https:\/\/islmgmalika.sn\/wp\/wp-json\/wp\/v2\/media?parent=769"}],"curies":[{"name":"wp","href":"https:\/\/api.w.org\/{rel}","templated":true}]}}